{"id":120,"date":"2021-02-04T13:04:01","date_gmt":"2021-02-04T11:04:01","guid":{"rendered":"https:\/\/mpk-asennus.fi\/?page_id=120"},"modified":"2021-02-04T13:19:45","modified_gmt":"2021-02-04T11:19:45","slug":"palautelomake","status":"publish","type":"page","link":"https:\/\/mpk-asennus.fi\/?page_id=120","title":{"rendered":"Palautelomake"},"content":{"rendered":"\n<div class=\"wp-block-themeisle-blocks-advanced-columns has-1-columns has-desktop-equal-layout has-tablet-equal-layout has-mobile-equal-layout has-default-gap has-vertical-unset\" id=\"wp-block-themeisle-blocks-advanced-columns-40f1699f\"><div class=\"wp-block-themeisle-blocks-advanced-columns-overlay\"><\/div><div class=\"innerblocks-wrap\">\n<div class=\"wp-block-themeisle-blocks-advanced-column\" id=\"wp-block-themeisle-blocks-advanced-column-fb43325c\">\n<div class=\"wpcf7 no-js\" id=\"wpcf7-f121-o1\" lang=\"fi\" dir=\"ltr\" data-wpcf7-id=\"121\">\n<div class=\"screen-reader-response\"><p role=\"status\" aria-live=\"polite\" aria-atomic=\"true\"><\/p> <ul><\/ul><\/div>\n<form action=\"\/index.php?rest_route=%2Fwp%2Fv2%2Fpages%2F120#wpcf7-f121-o1\" method=\"post\" class=\"wpcf7-form init\" aria-label=\"Yhteydenottolomake\" novalidate=\"novalidate\" data-status=\"init\">\n<fieldset class=\"hidden-fields-container\"><input type=\"hidden\" name=\"_wpcf7\" value=\"121\" \/><input type=\"hidden\" name=\"_wpcf7_version\" value=\"6.1.5\" \/><input type=\"hidden\" name=\"_wpcf7_locale\" value=\"fi\" \/><input type=\"hidden\" name=\"_wpcf7_unit_tag\" value=\"wpcf7-f121-o1\" \/><input type=\"hidden\" name=\"_wpcf7_container_post\" value=\"0\" \/><input type=\"hidden\" name=\"_wpcf7_posted_data_hash\" value=\"\" \/>\n<\/fieldset>\n<p>Miten onnistuimme palvelemaan sinua?<br \/>\nMik\u00e4 toimii hyvin tai mit\u00e4 voisimme tehd\u00e4 paremmin?\n<\/p>\n<p>Nimi (pakollinen)<br \/>\n<span class=\"wpcf7-form-control-wrap\" data-name=\"your-name\"><input size=\"40\" maxlength=\"400\" class=\"wpcf7-form-control wpcf7-text wpcf7-validates-as-required\" aria-required=\"true\" aria-invalid=\"false\" value=\"\" type=\"text\" name=\"your-name\" \/><\/span>\n<\/p>\n<p>Yritys(pakollinen)<br \/>\n<span class=\"wpcf7-form-control-wrap\" data-name=\"your-company\"><input size=\"40\" maxlength=\"400\" class=\"wpcf7-form-control wpcf7-text wpcf7-validates-as-required\" aria-required=\"true\" aria-invalid=\"false\" value=\"\" type=\"text\" name=\"your-company\" \/><\/span>\n<\/p>\n<p>S\u00e4hk\u00f6posti (pakollinen)<br \/>\n<span class=\"wpcf7-form-control-wrap\" data-name=\"your-email\"><input size=\"40\" maxlength=\"400\" class=\"wpcf7-form-control wpcf7-email wpcf7-validates-as-required wpcf7-text wpcf7-validates-as-email\" aria-required=\"true\" aria-invalid=\"false\" value=\"\" type=\"email\" name=\"your-email\" \/><\/span>\n<\/p>\n<p>Arvosana suoritetusta ty\u00f6st\u00e4<br \/>\n<span class=\"wpcf7-form-control-wrap\" data-name=\"Suoritus\"><span class=\"wpcf7-form-control wpcf7-checkbox wpcf7-validates-as-required wpcf7-exclusive-checkbox\"><span class=\"wpcf7-list-item first\"><input type=\"checkbox\" name=\"Suoritus\" value=\"Erinomainen\" \/><span class=\"wpcf7-list-item-label\">Erinomainen<\/span><\/span><span class=\"wpcf7-list-item\"><input type=\"checkbox\" name=\"Suoritus\" value=\"Hyv\u00e4\" \/><span class=\"wpcf7-list-item-label\">Hyv\u00e4<\/span><\/span><span class=\"wpcf7-list-item\"><input type=\"checkbox\" name=\"Suoritus\" value=\"Tyydytt\u00e4v\u00e4\" \/><span class=\"wpcf7-list-item-label\">Tyydytt\u00e4v\u00e4<\/span><\/span><span class=\"wpcf7-list-item last\"><input type=\"checkbox\" name=\"Suoritus\" value=\"Huono\" \/><span class=\"wpcf7-list-item-label\">Huono<\/span><\/span><\/span><\/span>\n<\/p>\n<p>Kuinka todenn\u00e4k\u00f6isesti suosittelisit palvelua muille?<br \/>\n<span class=\"wpcf7-form-control-wrap\" data-name=\"Suosittelu\"><select class=\"wpcf7-form-control wpcf7-select\" aria-invalid=\"false\" name=\"Suosittelu\"><option value=\"Kyll\u00e4\">Kyll\u00e4<\/option><option value=\"Ehk\u00e4\">Ehk\u00e4<\/option><option value=\"En\">En<\/option><\/select><\/span>\n<\/p>\n<p>Saako palautetta\/suoritettua ty\u00f6t\u00e4 k\u00e4ytt\u00e4\u00e4 referenssin\u00e4 ?<br \/>\n<span class=\"wpcf7-form-control-wrap\" data-name=\"Referenssi\"><select class=\"wpcf7-form-control wpcf7-select\" aria-invalid=\"false\" name=\"Referenssi\"><option value=\"Kyll\u00e4\">Kyll\u00e4<\/option><option value=\"Ei\">Ei<\/option><\/select><\/span>\n<\/p>\n<p>Parannusehdotuksia<br \/>\n<span class=\"wpcf7-form-control-wrap\" data-name=\"palauteehdotus\"><textarea cols=\"40\" rows=\"10\" maxlength=\"2000\" class=\"wpcf7-form-control wpcf7-textarea\" aria-invalid=\"false\" name=\"palauteehdotus\"><\/textarea><\/span>\n<\/p>\n<p>Muu viesti<br \/>\n<span class=\"wpcf7-form-control-wrap\" data-name=\"message\"><textarea cols=\"40\" rows=\"10\" maxlength=\"2000\" class=\"wpcf7-form-control wpcf7-textarea\" aria-invalid=\"false\" name=\"message\"><\/textarea><\/span>\n<\/p>\n<p>Palautteesi on meille t\u00e4rke\u00e4, kiitos jo etuk\u00e4teen!\n<\/p>\n<p><input class=\"wpcf7-form-control wpcf7-submit has-spinner\" type=\"submit\" value=\"L\u00e4het\u00e4\" \/>\n<\/p><div class=\"wpcf7-response-output\" aria-hidden=\"true\"><\/div>\n<\/form>\n<\/div>\n\n<\/div>\n<\/div><\/div>\n","protected":false},"excerpt":{"rendered":"","protected":false},"author":1,"featured_media":0,"parent":0,"menu_order":0,"comment_status":"closed","ping_status":"closed","template":"","meta":{"neve_meta_sidebar":"full-width","neve_meta_container":"","neve_meta_enable_content_width":"on","neve_meta_content_width":100,"neve_meta_title_alignment":"","neve_meta_author_avatar":"","neve_post_elements_order":"","neve_meta_disable_header":"","neve_meta_disable_footer":"","neve_meta_disable_title":"","_themeisle_gutenberg_block_has_review":false,"footnotes":""},"class_list":["post-120","page","type-page","status-publish","hentry"],"_links":{"self":[{"href":"https:\/\/mpk-asennus.fi\/index.php?rest_route=\/wp\/v2\/pages\/120","targetHints":{"allow":["GET"]}}],"collection":[{"href":"https:\/\/mpk-asennus.fi\/index.php?rest_route=\/wp\/v2\/pages"}],"about":[{"href":"https:\/\/mpk-asennus.fi\/index.php?rest_route=\/wp\/v2\/types\/page"}],"author":[{"embeddable":true,"href":"https:\/\/mpk-asennus.fi\/index.php?rest_route=\/wp\/v2\/users\/1"}],"replies":[{"embeddable":true,"href":"https:\/\/mpk-asennus.fi\/index.php?rest_route=%2Fwp%2Fv2%2Fcomments&post=120"}],"version-history":[{"count":1,"href":"https:\/\/mpk-asennus.fi\/index.php?rest_route=\/wp\/v2\/pages\/120\/revisions"}],"predecessor-version":[{"id":122,"href":"https:\/\/mpk-asennus.fi\/index.php?rest_route=\/wp\/v2\/pages\/120\/revisions\/122"}],"wp:attachment":[{"href":"https:\/\/mpk-asennus.fi\/index.php?rest_route=%2Fwp%2Fv2%2Fmedia&parent=120"}],"curies":[{"name":"wp","href":"https:\/\/api.w.org\/{rel}","templated":true}]}}