{"id":12,"date":"2019-12-19T22:25:34","date_gmt":"2019-12-19T20:25:34","guid":{"rendered":"https:\/\/mpk-asennus.fi\/?page_id=12"},"modified":"2020-01-08T16:43:58","modified_gmt":"2020-01-08T14:43:58","slug":"uusi-umoma-avaa-ovensa-2","status":"publish","type":"page","link":"https:\/\/mpk-asennus.fi\/","title":{"rendered":""},"content":{"rendered":"\n<div class=\"wp-block-group alignwide\"><div class=\"wp-block-group__inner-container is-layout-flow wp-block-group-is-layout-flow\">\n<div class=\"wp-block-image\"><figure class=\"aligncenter size-large is-resized\"><img loading=\"lazy\" decoding=\"async\" src=\"https:\/\/mpk-asennus.fi\/wp-content\/uploads\/2019\/12\/mpk-asennus-LOGO-1024x308.jpg\" alt=\"\" class=\"wp-image-17\" width=\"512\" height=\"154\" srcset=\"https:\/\/mpk-asennus.fi\/wp-content\/uploads\/2019\/12\/mpk-asennus-LOGO-1024x308.jpg 1024w, https:\/\/mpk-asennus.fi\/wp-content\/uploads\/2019\/12\/mpk-asennus-LOGO-300x90.jpg 300w, https:\/\/mpk-asennus.fi\/wp-content\/uploads\/2019\/12\/mpk-asennus-LOGO-768x231.jpg 768w, https:\/\/mpk-asennus.fi\/wp-content\/uploads\/2019\/12\/mpk-asennus-LOGO.jpg 1053w\" sizes=\"auto, (max-width: 512px) 100vw, 512px\" \/><\/figure><\/div>\n\n\n\n<h2 class=\"wp-block-heading\">LUOTETTAVAA JA KOKONAISVALTAISTA TEOLLISUUSHUOLTOA JA KUNNOSSAPITOA VUODESTA 2006<\/h2>\n\n\n\n<p>Yhti\u00f6mme tarjoaa useita eri teollisuuden huolto-, korjaus-, muutos- sek\u00e4 asennust\u00f6it\u00e4 yrityksille ja  julkisyhteis\u00f6ille. <\/p>\n\n\n\n<p>Tarjoamme monipuolisia palveluja k\u00e4ytt\u00f6\u00f6nne joustavasti<\/p>\n\n\n\n<ul class=\"wp-block-list\"><li>Teollisuuden ennakoivaa ja korjaavaa kunnossapitoa<\/li><li>Laiteasennukset ja toimitukset<\/li><li>Ter\u00e4srakenteiden asennus ja toimitukset<\/li><li>Rakentaminen ja purkuty\u00f6t sek\u00e4 laitosten siirrot<\/li><li>LV-putkistot ja konehuoneet<\/li><li>Teollisuus- ja kaukol\u00e4mp\u00f6putkistot<\/li><li>Paineelliset poraukset<\/li><li>Vaihteistot<\/li><li>Kuljetinlinjastot<\/li><li>Siilot ja s\u00e4ili\u00f6t<\/li><\/ul>\n\n\n\n<hr class=\"wp-block-separator has-text-color has-background has-neve-text-color-background-color has-neve-text-color-color is-style-wide\"\/>\n\n\n\n<p>Vahvuuksiamme ovat:<\/p>\n\n\n\n<ul class=\"wp-block-list\"><li>Laadukas ty\u00f6<\/li><li>Joustavuus<\/li><li>Korkea ty\u00f6moraali<\/li><li>Ty\u00f6turvallisuus<\/li><li>Ymp\u00e4rist\u00f6yst\u00e4v\u00e4llisyys<\/li><li>Kilpailukyky<\/li><\/ul>\n\n\n\n<hr class=\"wp-block-separator has-text-color has-background has-neve-text-color-background-color has-neve-text-color-color is-style-wide\"\/>\n<\/div><\/div>\n\n\n\n<p class=\"has-text-align-center\">Ohessa kuvia tehdyist\u00e4 projekteista vuosien varrelta.<\/p>\n\n\n\n<div class=\"wp-block-columns is-layout-flex wp-container-core-columns-is-layout-9d6595d7 wp-block-columns-is-layout-flex\">\n<div class=\"wp-block-column is-layout-flow wp-block-column-is-layout-flow\">\n<figure class=\"wp-block-gallery columns-1 is-cropped wp-block-gallery-1 is-layout-flex wp-block-gallery-is-layout-flex\"><ul class=\"blocks-gallery-grid\"><li class=\"blocks-gallery-item\"><figure><img loading=\"lazy\" decoding=\"async\" width=\"1024\" height=\"768\" src=\"https:\/\/mpk-asennus.fi\/wp-content\/uploads\/2020\/01\/Espoo-1-1-1024x768.jpg\" alt=\"\" data-id=\"79\" data-link=\"https:\/\/mpk-asennus.fi\/?attachment_id=79\" class=\"wp-image-79\" srcset=\"https:\/\/mpk-asennus.fi\/wp-content\/uploads\/2020\/01\/Espoo-1-1-1024x768.jpg 1024w, https:\/\/mpk-asennus.fi\/wp-content\/uploads\/2020\/01\/Espoo-1-1-300x225.jpg 300w, https:\/\/mpk-asennus.fi\/wp-content\/uploads\/2020\/01\/Espoo-1-1-768x576.jpg 768w, https:\/\/mpk-asennus.fi\/wp-content\/uploads\/2020\/01\/Espoo-1-1-1536x1152.jpg 1536w, https:\/\/mpk-asennus.fi\/wp-content\/uploads\/2020\/01\/Espoo-1-1-2048x1536.jpg 2048w\" sizes=\"auto, (max-width: 1024px) 100vw, 1024px\" \/><\/figure><\/li><\/ul><\/figure>\n\n\n\n<figure class=\"wp-block-gallery columns-1 is-cropped wp-block-gallery-2 is-layout-flex wp-block-gallery-is-layout-flex\"><ul class=\"blocks-gallery-grid\"><li class=\"blocks-gallery-item\"><figure><img loading=\"lazy\" decoding=\"async\" width=\"1024\" height=\"768\" src=\"https:\/\/mpk-asennus.fi\/wp-content\/uploads\/2020\/01\/Tarastej\u00e4rvi-1-1-1024x768.jpg\" alt=\"\" data-id=\"92\" data-full-url=\"https:\/\/mpk-asennus.fi\/wp-content\/uploads\/2020\/01\/Tarastej\u00e4rvi-1-1-scaled.jpg\" data-link=\"https:\/\/mpk-asennus.fi\/?attachment_id=92\" class=\"wp-image-92\" srcset=\"https:\/\/mpk-asennus.fi\/wp-content\/uploads\/2020\/01\/Tarastej\u00e4rvi-1-1-1024x768.jpg 1024w, https:\/\/mpk-asennus.fi\/wp-content\/uploads\/2020\/01\/Tarastej\u00e4rvi-1-1-300x225.jpg 300w, https:\/\/mpk-asennus.fi\/wp-content\/uploads\/2020\/01\/Tarastej\u00e4rvi-1-1-768x576.jpg 768w, https:\/\/mpk-asennus.fi\/wp-content\/uploads\/2020\/01\/Tarastej\u00e4rvi-1-1-1536x1152.jpg 1536w, https:\/\/mpk-asennus.fi\/wp-content\/uploads\/2020\/01\/Tarastej\u00e4rvi-1-1-2048x1536.jpg 2048w\" sizes=\"auto, (max-width: 1024px) 100vw, 1024px\" \/><\/figure><\/li><\/ul><\/figure>\n<\/div>\n\n\n\n<div class=\"wp-block-column is-layout-flow wp-block-column-is-layout-flow\">\n<figure class=\"wp-block-gallery columns-1 is-cropped wp-block-gallery-3 is-layout-flex wp-block-gallery-is-layout-flex\"><ul class=\"blocks-gallery-grid\"><li class=\"blocks-gallery-item\"><figure><img loading=\"lazy\" decoding=\"async\" width=\"768\" height=\"1024\" src=\"https:\/\/mpk-asennus.fi\/wp-content\/uploads\/2020\/01\/Hukkanen-2019-1-3-768x1024.jpg\" alt=\"\" data-id=\"88\" data-full-url=\"https:\/\/mpk-asennus.fi\/wp-content\/uploads\/2020\/01\/Hukkanen-2019-1-3-scaled.jpg\" data-link=\"https:\/\/mpk-asennus.fi\/?attachment_id=88\" class=\"wp-image-88\" srcset=\"https:\/\/mpk-asennus.fi\/wp-content\/uploads\/2020\/01\/Hukkanen-2019-1-3-768x1024.jpg 768w, https:\/\/mpk-asennus.fi\/wp-content\/uploads\/2020\/01\/Hukkanen-2019-1-3-225x300.jpg 225w, https:\/\/mpk-asennus.fi\/wp-content\/uploads\/2020\/01\/Hukkanen-2019-1-3-1152x1536.jpg 1152w, https:\/\/mpk-asennus.fi\/wp-content\/uploads\/2020\/01\/Hukkanen-2019-1-3-1536x2048.jpg 1536w, https:\/\/mpk-asennus.fi\/wp-content\/uploads\/2020\/01\/Hukkanen-2019-1-3-scaled.jpg 1920w\" sizes=\"auto, (max-width: 768px) 100vw, 768px\" \/><\/figure><\/li><\/ul><\/figure>\n<\/div>\n\n\n\n<div class=\"wp-block-column is-layout-flow wp-block-column-is-layout-flow\">\n<figure class=\"wp-block-gallery columns-1 is-cropped wp-block-gallery-4 is-layout-flex wp-block-gallery-is-layout-flex\"><ul class=\"blocks-gallery-grid\"><li class=\"blocks-gallery-item\"><figure><img loading=\"lazy\" decoding=\"async\" width=\"1024\" height=\"768\" src=\"https:\/\/mpk-asennus.fi\/wp-content\/uploads\/2020\/01\/Ratina-2019-DN-500-1024x768.jpg\" alt=\"\" data-id=\"82\" data-full-url=\"https:\/\/mpk-asennus.fi\/wp-content\/uploads\/2020\/01\/Ratina-2019-DN-500-scaled.jpg\" data-link=\"https:\/\/mpk-asennus.fi\/?attachment_id=82\" class=\"wp-image-82\" srcset=\"https:\/\/mpk-asennus.fi\/wp-content\/uploads\/2020\/01\/Ratina-2019-DN-500-1024x768.jpg 1024w, https:\/\/mpk-asennus.fi\/wp-content\/uploads\/2020\/01\/Ratina-2019-DN-500-300x225.jpg 300w, https:\/\/mpk-asennus.fi\/wp-content\/uploads\/2020\/01\/Ratina-2019-DN-500-768x576.jpg 768w, https:\/\/mpk-asennus.fi\/wp-content\/uploads\/2020\/01\/Ratina-2019-DN-500-1536x1152.jpg 1536w, https:\/\/mpk-asennus.fi\/wp-content\/uploads\/2020\/01\/Ratina-2019-DN-500-2048x1536.jpg 2048w\" sizes=\"auto, (max-width: 1024px) 100vw, 1024px\" \/><\/figure><\/li><\/ul><\/figure>\n\n\n\n<figure class=\"wp-block-gallery columns-1 is-cropped wp-block-gallery-5 is-layout-flex wp-block-gallery-is-layout-flex\"><ul class=\"blocks-gallery-grid\"><li class=\"blocks-gallery-item\"><figure><img loading=\"lazy\" decoding=\"async\" width=\"768\" height=\"1024\" src=\"https:\/\/mpk-asennus.fi\/wp-content\/uploads\/2020\/01\/Tervakoski-2019-768x1024.jpg\" alt=\"\" data-id=\"90\" data-full-url=\"https:\/\/mpk-asennus.fi\/wp-content\/uploads\/2020\/01\/Tervakoski-2019-scaled.jpg\" data-link=\"https:\/\/mpk-asennus.fi\/?attachment_id=90\" class=\"wp-image-90\" srcset=\"https:\/\/mpk-asennus.fi\/wp-content\/uploads\/2020\/01\/Tervakoski-2019-768x1024.jpg 768w, https:\/\/mpk-asennus.fi\/wp-content\/uploads\/2020\/01\/Tervakoski-2019-225x300.jpg 225w, https:\/\/mpk-asennus.fi\/wp-content\/uploads\/2020\/01\/Tervakoski-2019-1152x1536.jpg 1152w, https:\/\/mpk-asennus.fi\/wp-content\/uploads\/2020\/01\/Tervakoski-2019-1536x2048.jpg 1536w, https:\/\/mpk-asennus.fi\/wp-content\/uploads\/2020\/01\/Tervakoski-2019-scaled.jpg 1920w\" sizes=\"auto, (max-width: 768px) 100vw, 768px\" \/><\/figure><\/li><\/ul><\/figure>\n<\/div>\n<\/div>\n\n\n\n<hr class=\"wp-block-separator is-style-wide\"\/>\n\n\n\n<p>Asiakkaita vuosien varrella ovat olleet :<\/p>\n\n\n\n<ul class=\"wp-block-list\"><li>Tampereen S\u00e4hk\u00f6laitos Oy<\/li><li>Bravida Finland Oy<\/li><li>UPM Mets\u00e4 Board (TAKO) Tampere<\/li><li>TAYS Tampere<\/li><li>Fortum Loviisan Ydinvoimala<\/li><li>Destia Oy<\/li><li>Skanska<\/li><li>Caverion<\/li><li>Rovaniemen Energia Oy<\/li><li>Mitta Oy<\/li><li>Bilfinger Industrial Services Finland Oy<\/li><\/ul>\n\n\n\n<div style=\"height:30px\" aria-hidden=\"true\" class=\"wp-block-spacer\"><\/div>\n","protected":false},"excerpt":{"rendered":"<p>LUOTETTAVAA JA KOKONAISVALTAISTA TEOLLISUUSHUOLTOA JA KUNNOSSAPITOA VUODESTA 2006 Yhti\u00f6mme tarjoaa useita eri teollisuuden huolto-, korjaus-, muutos- sek\u00e4 asennust\u00f6it\u00e4 yrityksille ja julkisyhteis\u00f6ille. Tarjoamme monipuolisia palveluja k\u00e4ytt\u00f6\u00f6nne joustavasti Teollisuuden ennakoivaa ja korjaavaa kunnossapitoa Laiteasennukset ja toimitukset Ter\u00e4srakenteiden asennus ja toimitukset Rakentaminen ja purkuty\u00f6t sek\u00e4 laitosten siirrot LV-putkistot ja konehuoneet Teollisuus- ja kaukol\u00e4mp\u00f6putkistot Paineelliset poraukset Vaihteistot Kuljetinlinjastot Siilot&hellip;&nbsp;<a href=\"https:\/\/mpk-asennus.fi\/\" rel=\"bookmark\">Lue lis\u00e4\u00e4 &raquo;<span class=\"screen-reader-text\"><\/span><\/a><\/p>\n","protected":false},"author":1,"featured_media":0,"parent":0,"menu_order":0,"comment_status":"closed","ping_status":"closed","template":"","meta":{"neve_meta_sidebar":"default","neve_meta_container":"default","neve_meta_enable_content_width":"off","neve_meta_content_width":70,"neve_meta_title_alignment":"","neve_meta_author_avatar":"","neve_post_elements_order":"","neve_meta_disable_header":"off","neve_meta_disable_footer":"off","neve_meta_disable_title":"off","_themeisle_gutenberg_block_has_review":false,"footnotes":""},"class_list":["post-12","page","type-page","status-publish","hentry"],"_links":{"self":[{"href":"https:\/\/mpk-asennus.fi\/index.php?rest_route=\/wp\/v2\/pages\/12","targetHints":{"allow":["GET"]}}],"collection":[{"href":"https:\/\/mpk-asennus.fi\/index.php?rest_route=\/wp\/v2\/pages"}],"about":[{"href":"https:\/\/mpk-asennus.fi\/index.php?rest_route=\/wp\/v2\/types\/page"}],"author":[{"embeddable":true,"href":"https:\/\/mpk-asennus.fi\/index.php?rest_route=\/wp\/v2\/users\/1"}],"replies":[{"embeddable":true,"href":"https:\/\/mpk-asennus.fi\/index.php?rest_route=%2Fwp%2Fv2%2Fcomments&post=12"}],"version-history":[{"count":29,"href":"https:\/\/mpk-asennus.fi\/index.php?rest_route=\/wp\/v2\/pages\/12\/revisions"}],"predecessor-version":[{"id":112,"href":"https:\/\/mpk-asennus.fi\/index.php?rest_route=\/wp\/v2\/pages\/12\/revisions\/112"}],"wp:attachment":[{"href":"https:\/\/mpk-asennus.fi\/index.php?rest_route=%2Fwp%2Fv2%2Fmedia&parent=12"}],"curies":[{"name":"wp","href":"https:\/\/api.w.org\/{rel}","templated":true}]}}